{"id":117,"date":"2016-05-06T13:05:17","date_gmt":"2016-05-06T11:05:17","guid":{"rendered":"https:\/\/www.burg.biz\/?page_id=117"},"modified":"2020-08-31T17:45:57","modified_gmt":"2020-08-31T15:45:57","slug":"recherche-de-distributeurs","status":"publish","type":"page","link":"https:\/\/test.burgwaechterservice.de\/fr\/recherche-de-distributeurs\/","title":{"rendered":"Recherche de distributeurs"},"content":{"rendered":"<style>\r\n\t#wpsl-stores .wpsl-store-thumb {height:100px !important; width:100px !important;}\r\n\t#wpsl-stores, #wpsl-direction-details, #wpsl-gmap {height:480px !important;}\r\n\t#wpsl-gmap .wpsl-info-window {max-width:235px !important;}\r\n\t.wpsl-input label, #wpsl-radius label, #wpsl-category label {width:92px;}\r\n\t#wpsl-search-input ,#wpsl-category .wpsl-dropdown {width:170px;}\r\n<\/style>\r\n<div id=\"wpsl-wrap\">\r\n\t<div class=\"wpsl-search wpsl-clearfix wpsl-filter\">\r\n\t\t<div id=\"wpsl-search-wrap\">\r\n\t\t\t<form autocomplete=\"off\">\r\n\t\t\t<div class=\"wpsl-input\">\r\n\t\t\t\t<div><label for=\"wpsl-search-input\">Site<\/label><\/div>\r\n\t\t\t\t<input id=\"wpsl-search-input\" type=\"text\" value=\"\" name=\"wpsl-search-input\" placeholder=\"\" aria-required=\"true\" \/>\r\n\t\t\t<\/div>\r\n\t\t\t<div class=\"wpsl-select-wrap\">\r\n\t\t\t\t<div id=\"wpsl-radius\">\r\n\t\t\t\t\t<label for=\"wpsl-radius-dropdown\">Radius<\/label>\r\n\t\t\t\t\t<select id=\"wpsl-radius-dropdown\" class=\"wpsl-dropdown\" name=\"wpsl-radius\">\r\n\t\t\t\t\t\t<option value=\"10\">10 km<\/option><option value=\"25\">25 km<\/option><option selected=\"selected\" value=\"50\">50 km<\/option><option value=\"100\">100 km<\/option><option value=\"200\">200 km<\/option><option value=\"500\">500 km<\/option>\r\n\t\t\t\t\t<\/select>\r\n\t\t\t\t<\/div>\r\n\t\t\t\t<div id=\"wpsl-results\">\r\n\t\t\t\t\t<label for=\"wpsl-results-dropdown\">R\u00e9sultats<\/label>\r\n\t\t\t\t\t<select id=\"wpsl-results-dropdown\" class=\"wpsl-dropdown\" name=\"wpsl-results\">\r\n\t\t\t\t\t\t<option selected=\"selected\" value=\"25\">25<\/option><option value=\"50\">50<\/option><option value=\"75\">75<\/option><option value=\"100\">100<\/option>\r\n\t\t\t\t\t<\/select>\r\n\t\t\t\t<\/div>\r\n\t\t\t<\/div>\r\n<div id=\"wpsl-category\">\r\n<label for=\"wpsl-category-list\">Options<\/label>\r\n<select  name='wpsl-category' id='wpsl-category-list' class='wpsl-dropdown'>\n\t<option value='0'>Any<\/option>\n\t<option class=\"level-0\" value=\"6750\">Commer\u00e7ant sp\u00e9cialis\u00e9<\/option>\n\t<option class=\"level-0\" value=\"6752\">March\u00e9 GSB<\/option>\n\t<option class=\"level-0\" value=\"6751\">Safe partenaire de services<\/option>\n\t<option class=\"level-0\" value=\"6753\">Safe Premium Partner<\/option>\n\t<option class=\"level-0\" value=\"6747\">SecuEntry-Partner<\/option>\n<\/select>\n<\/div>\r\n\t\t\t\t<div class=\"wpsl-search-btn-wrap\"><input id=\"wpsl-search-btn\" type=\"submit\" value=\"Recherche\"><\/div>\r\n\t\t<\/form>\r\n\t\t<\/div>\r\n\t<\/div>\r\n\t<div id=\"wpsl-gmap\" class=\"wpsl-gmap-canvas\"><\/div>\r\n\t<div id=\"wpsl-result-list\">\r\n\t\t<div id=\"wpsl-stores\" >\r\n\t\t\t<ul><\/ul>\r\n\t\t<\/div>\r\n\t\t<div id=\"wpsl-direction-details\">\r\n\t\t\t<ul><\/ul>\r\n\t\t<\/div>\r\n\t<\/div>\r\n<\/div>\r\n\n<div class=\"row\"> <div class=\"col-md-4  \"><img decoding=\"async\" class=\"wp-image-233434 alignleft\" style=\"margin-bottom: 135px;\" src=\"https:\/\/test.burgwaechterservice.de\/fr\/wp-content\/uploads\/sites\/4\/2019\/11\/Logo_Tresor-Premiumpartner_FR.jpg\" alt=\"\" width=\"120\" height=\"120\" \/><\/p>\n<p><strong>Acheter un coffre-fort est une question de confiance !<br \/>\n<\/strong>En tant que partenaires premium des coffres forts de BURG-W\u00c4CHTER, nous vous proposons un excellent service avec des conseils comp\u00e9tents. Notre spacieuse exposition de coffres forts pourra vous convaincre avec nos produits de marque dans diff\u00e9rents degr\u00e9s de s\u00e9curit\u00e9. Venez nous voir, nous serons heureux de vous accueillir et de vous conseiller.<\/p>\n<\/div><div class=\"col-md-4  \"><img decoding=\"async\" class=\"wp-image-233433 alignleft\" style=\"margin-bottom: 95px;\" src=\"https:\/\/test.burgwaechterservice.de\/fr\/wp-content\/uploads\/sites\/4\/2019\/11\/Logo_secuENTRY_Fachpartner_FR.jpg\" alt=\"\" width=\"120\" height=\"120\" \/><br \/>\n<strong>Partenaires sp\u00e9cialis\u00e9s secuENTRY<\/strong><br \/>\nIl est possible d\u2019acqu\u00e9rir nos produits SecuENTRY uniquement aupr\u00e8s de partenaires sp\u00e9cialis\u00e9s autoris\u00e9s. Les commer\u00e7ants sp\u00e9cialis\u00e9s portant ce symbole sont sp\u00e9cialement form\u00e9s par BURG-W\u00c4CHTER pour la manipulation des produits secuENTRY. Cela nous donne l\u2019assurance que vous serez entre de bonnes mains.<\/p>\n<\/div><div class=\"col-md-4  \"><img decoding=\"async\" class=\"wp-image-233435 alignleft\" style=\"margin-bottom: 90px;\" src=\"https:\/\/test.burgwaechterservice.de\/fr\/wp-content\/uploads\/sites\/4\/2019\/11\/Logo-Tresor_Service-Partner_FR.jpg\" alt=\"\" width=\"120\" height=\"120\" \/><br \/>\n<strong>Partenaires de service coffres forts<\/strong><br \/>\nLes commer\u00e7ants portant ce symbole ont \u00e9t\u00e9 parfaitement form\u00e9s dans la manipulation des coffres forts de BURG-W\u00c4CHTER. Qu\u2019il s\u2019agisse du choix du mod\u00e8le, de la livraison, de l\u2019ancrage ou de l\u2019ouverture d\u2019urgence : Les partenaires de service peuvent vous aider !<\/p>\n<\/div><\/div>\n","protected":false},"excerpt":{"rendered":"","protected":false},"author":1,"featured_media":0,"parent":0,"menu_order":80,"comment_status":"closed","ping_status":"closed","template":"page-fullwidth.php","meta":[],"yoast_head":"<!-- This site is optimized with the Yoast SEO Premium plugin v18.4 (Yoast SEO v19.13) - https:\/\/yoast.com\/wordpress\/plugins\/seo\/ -->\n<title>Recherche de distributeurs - BURG-W\u00c4CHTER<\/title>\n<meta name=\"description\" content=\"Vous trouverez nos produits au commerce sp\u00e9cialis\u00e9, aux serrureries et quincailleries et aux march\u00e9s GSB.\" \/>\n<meta name=\"robots\" content=\"index, follow, max-snippet:-1, max-image-preview:large, max-video-preview:-1\" \/>\n<link rel=\"canonical\" href=\"https:\/\/test.burgwaechterservice.de\/fr\/recherche-de-distributeurs\/\" \/>\n<meta property=\"og:locale\" content=\"fr_FR\" \/>\n<meta property=\"og:type\" content=\"article\" \/>\n<meta property=\"og:title\" content=\"Recherche de distributeurs\" \/>\n<meta property=\"og:description\" content=\"Vous trouverez nos produits au commerce sp\u00e9cialis\u00e9, aux serrureries et quincailleries et aux march\u00e9s GSB.\" \/>\n<meta property=\"og:url\" content=\"https:\/\/test.burgwaechterservice.de\/fr\/recherche-de-distributeurs\/\" \/>\n<meta property=\"og:site_name\" content=\"Burg-W\u00e4chter France\" \/>\n<meta property=\"article:modified_time\" content=\"2020-08-31T15:45:57+00:00\" \/>\n<meta property=\"og:image\" content=\"https:\/\/test.burgwaechterservice.de\/fr\/wp-content\/uploads\/sites\/4\/2019\/11\/Logo_Tresor-Premiumpartner_FR.jpg\" \/>\n<meta name=\"twitter:card\" content=\"summary_large_image\" \/>\n<meta name=\"twitter:label1\" content=\"Dur\u00e9e de lecture estim\u00e9e\" \/>\n\t<meta name=\"twitter:data1\" content=\"1 minute\" \/>\n<!-- \/ Yoast SEO Premium plugin. -->","yoast_head_json":{"title":"Recherche de distributeurs - BURG-W\u00c4CHTER","description":"Vous trouverez nos produits au commerce sp\u00e9cialis\u00e9, aux serrureries et quincailleries et aux march\u00e9s GSB.","robots":{"index":"index","follow":"follow","max-snippet":"max-snippet:-1","max-image-preview":"max-image-preview:large","max-video-preview":"max-video-preview:-1"},"canonical":"https:\/\/test.burgwaechterservice.de\/fr\/recherche-de-distributeurs\/","og_locale":"fr_FR","og_type":"article","og_title":"Recherche de distributeurs","og_description":"Vous trouverez nos produits au commerce sp\u00e9cialis\u00e9, aux serrureries et quincailleries et aux march\u00e9s GSB.","og_url":"https:\/\/test.burgwaechterservice.de\/fr\/recherche-de-distributeurs\/","og_site_name":"Burg-W\u00e4chter France","article_modified_time":"2020-08-31T15:45:57+00:00","og_image":[{"url":"https:\/\/test.burgwaechterservice.de\/fr\/wp-content\/uploads\/sites\/4\/2019\/11\/Logo_Tresor-Premiumpartner_FR.jpg"}],"twitter_card":"summary_large_image","twitter_misc":{"Dur\u00e9e de lecture estim\u00e9e":"1 minute"},"schema":{"@context":"https:\/\/schema.org","@graph":[{"@type":"WebPage","@id":"https:\/\/test.burgwaechterservice.de\/fr\/recherche-de-distributeurs\/","url":"https:\/\/test.burgwaechterservice.de\/fr\/recherche-de-distributeurs\/","name":"Recherche de distributeurs - BURG-W\u00c4CHTER","isPartOf":{"@id":"https:\/\/test.burgwaechterservice.de\/fr\/#website"},"datePublished":"2016-05-06T11:05:17+00:00","dateModified":"2020-08-31T15:45:57+00:00","description":"Vous trouverez nos produits au commerce sp\u00e9cialis\u00e9, aux serrureries et quincailleries et aux march\u00e9s GSB.","breadcrumb":{"@id":"https:\/\/test.burgwaechterservice.de\/fr\/recherche-de-distributeurs\/#breadcrumb"},"inLanguage":"fr-FR","potentialAction":[{"@type":"ReadAction","target":["https:\/\/test.burgwaechterservice.de\/fr\/recherche-de-distributeurs\/"]}]},{"@type":"BreadcrumbList","@id":"https:\/\/test.burgwaechterservice.de\/fr\/recherche-de-distributeurs\/#breadcrumb","itemListElement":[{"@type":"ListItem","position":1,"name":"Accueil","item":"https:\/\/test.burgwaechterservice.de\/fr\/"},{"@type":"ListItem","position":2,"name":"Recherche de distributeurs"}]},{"@type":"WebSite","@id":"https:\/\/test.burgwaechterservice.de\/fr\/#website","url":"https:\/\/test.burgwaechterservice.de\/fr\/","name":"Burg-W\u00e4chter France","description":"Le choix le plus s\u00fbr!","potentialAction":[{"@type":"SearchAction","target":{"@type":"EntryPoint","urlTemplate":"https:\/\/test.burgwaechterservice.de\/fr\/?s={search_term_string}"},"query-input":"required name=search_term_string"}],"inLanguage":"fr-FR"}]}},"_links":{"self":[{"href":"https:\/\/test.burgwaechterservice.de\/fr\/wp-json\/wp\/v2\/pages\/117"}],"collection":[{"href":"https:\/\/test.burgwaechterservice.de\/fr\/wp-json\/wp\/v2\/pages"}],"about":[{"href":"https:\/\/test.burgwaechterservice.de\/fr\/wp-json\/wp\/v2\/types\/page"}],"author":[{"embeddable":true,"href":"https:\/\/test.burgwaechterservice.de\/fr\/wp-json\/wp\/v2\/users\/1"}],"replies":[{"embeddable":true,"href":"https:\/\/test.burgwaechterservice.de\/fr\/wp-json\/wp\/v2\/comments?post=117"}],"version-history":[{"count":3,"href":"https:\/\/test.burgwaechterservice.de\/fr\/wp-json\/wp\/v2\/pages\/117\/revisions"}],"predecessor-version":[{"id":453713,"href":"https:\/\/test.burgwaechterservice.de\/fr\/wp-json\/wp\/v2\/pages\/117\/revisions\/453713"}],"wp:attachment":[{"href":"https:\/\/test.burgwaechterservice.de\/fr\/wp-json\/wp\/v2\/media?parent=117"}],"curies":[{"name":"wp","href":"https:\/\/api.w.org\/{rel}","templated":true}]}}